{"id":2603,"date":"2021-06-23T16:11:44","date_gmt":"2021-06-23T14:11:44","guid":{"rendered":"https:\/\/www.tcomp.dk\/?page_id=2603"},"modified":"2026-03-30T15:06:16","modified_gmt":"2026-03-30T13:06:16","slug":"jobs","status":"publish","type":"page","link":"https:\/\/www.tcomp.dk\/index.php\/jobs\/","title":{"rendered":"Jobs"},"content":{"rendered":"<div class=\"wpb-content-wrapper\"><p>[vc_row full_width_row=&#8221;true&#8221; padding_left=&#8221;30&#8243; padding_right=&#8221;30&#8243;][vc_column][vc_custom_heading text=&#8221;Jobs&#8221; google_fonts=&#8221;font_family:Arimo%3Aregular%2Citalic%2C700%2C700italic|font_style:400%20regular%3A400%3Anormal&#8221;][vc_tta_tour][vc_tta_section title=&#8221;Jobopslag&#8221; tab_id=&#8221;job&#8221;][vc_column_text css=&#8221;.vc_custom_1774875958337{margin-top: 20px !important;margin-right: 20px !important;margin-bottom: 70px !important;margin-left: 20px !important;}&#8221;]<\/p>\n<div style=\"overflow-x: auto;\">\n<table id=\"jobs\">\n<tbody>\n<tr>\n<th>Jobopslag<\/th>\n<th>Uddannelse og\/eller erfaring<\/th>\n<th>Ans\u00f8gningsfrist<\/th>\n<th>Tiltr\u00e6delse<\/th>\n<\/tr>\n<tr>\n<td>\n<h4><a class=\"ISgb\" href=\"https:\/\/www.tcomp.dk\/index.php\/jobs\/job3-vaerkforer\/\"><strong>V\u00e6rkf\u00f8rer<\/strong><\/a><\/h4>\n<\/td>\n<td>Har solid erfaring fra metal- eller st\u00e5lbranchen.<\/td>\n<td>15. april 2026<\/td>\n<td>1. juni 2026, evt. tidligere efter n\u00e6rmere aftale<\/td>\n<\/tr>\n<\/tbody>\n<\/table>\n<\/div>\n<p>[\/vc_column_text][\/vc_tta_section][vc_tta_section title=&#8221;L\u00e6rlinge&#8221; tab_id=&#8221;1562066094193-e75eb51d-67f2&#8243;][vc_column_text css=&#8221;.vc_custom_1723551491107{margin-top: 20px !important;margin-right: 20px !important;margin-bottom: 70px !important;margin-left: 20px !important;}&#8221;]<strong>L\u00e6rlingepolitik:<\/strong><\/p>\n<p>Tj\u00e6reborg Kompensatorfabrik l\u00e6rlingepolitik tager udgangspunkt i firmaets v\u00e6rdigrundl\u00e6g, som er baseret p\u00e5 solide vestjyske traditioner, hvor n\u00f8gleordene er stabilitet, tillid, trov\u00e6rdighed og social ansvarlighed og hvor firmaet v\u00e6rds\u00e6tter at have gode personlige relationer i forhold til kunder, leverand\u00f8rer og medarbejdere.<\/p>\n<p>At have dygtige og veluddannede medarbejdere er yderst vigtig for Tj\u00e6reborg Kompensatorfabrik, idet medarbejderne er \u201dkrumtappen\u201d for firmaets eksistens.<\/p>\n<p>Uddannelse af l\u00e6rlinge har derfor altid v\u00e6ret en v\u00e6sentlig del af Tj\u00e6reborg Kompensatorfabriks politik, da det er et stort aktiv for videreudviklingen af firmaet. Det er vigtigt, at firmaet ogs\u00e5 i fremtiden har den n\u00f8dvendige arbejdskraft med de rigtige kompetencer. Ligeledes ser Tj\u00e6reborg Kompensatorfabrik det ogs\u00e5 som en samfundsopgave, som firmaet gerne vil v\u00e6re med til at l\u00f8fte.<\/p>\n<p>Det er Tj\u00e6reborg Kompensatorfabriks m\u00e5l altid at have mindst en elektrikerl\u00e6rling og en smedel\u00e6rling ansat, og der er mulighed for uopfordret at s\u00f8ge en l\u00e6replads hos Tj\u00e6reborg Kompensatorfabrik.[\/vc_column_text][\/vc_tta_section][vc_tta_section title=&#8221;Personaleforening&#8221; tab_id=&#8221;forening&#8221;][vc_row_inner css=&#8221;.vc_custom_1723551401063{margin-bottom: 70px !important;}&#8221;][vc_column_inner]<style type=\"text\/css\" data-type=\"the7_shortcodes-inline-css\">.icon-with-text-shortcode.icon-text-id-03b6d603571fc7843835bc719993ada0 .text-icon {\n  width: 110px;\n  height: 110px;\n  line-height: 110px;\n  font-size: 70px;\n  border-radius: 130px;\n  margin: 50px 0px 25px 0px;\n}\n.icon-with-text-shortcode.icon-text-id-03b6d603571fc7843835bc719993ada0 .text-icon .icon-inner {\n  min-width: 110px;\n  min-height: 110px;\n  border-radius: 130px;\n}\n@media all and (-ms-high-contrast: none) {\n  .icon-with-text-shortcode.icon-text-id-03b6d603571fc7843835bc719993ada0 .text-icon .icon-inner {\n    height: 110px;\n  }\n}\n.icon-with-text-shortcode.icon-text-id-03b6d603571fc7843835bc719993ada0 .text-icon .dt-hover-icon {\n  line-height: 110px;\n}\n.icon-with-text-shortcode.icon-text-id-03b6d603571fc7843835bc719993ada0 .text-icon:before,\n.icon-with-text-shortcode.icon-text-id-03b6d603571fc7843835bc719993ada0 .text-icon:after,\n.icon-with-text-shortcode.icon-text-id-03b6d603571fc7843835bc719993ada0 .text-icon .icon-inner:before,\n.icon-with-text-shortcode.icon-text-id-03b6d603571fc7843835bc719993ada0 .text-icon .icon-inner:after {\n  min-width: 100%;\n  min-height: 100%;\n  padding: inherit;\n  border-radius: inherit;\n}\n.icon-with-text-shortcode.icon-text-id-03b6d603571fc7843835bc719993ada0 .text-icon.dt-icon-border-on:before {\n  border-width: 2px;\n  border-style: solid;\n}\n.dt-icon-border-dashed.icon-with-text-shortcode.icon-text-id-03b6d603571fc7843835bc719993ada0 .text-icon.dt-icon-border-on:before {\n  border-style: dashed;\n}\n.dt-icon-border-dotted.icon-with-text-shortcode.icon-text-id-03b6d603571fc7843835bc719993ada0 .text-icon.dt-icon-border-on:before {\n  border-style: dotted;\n}\n.dt-icon-border-double.icon-with-text-shortcode.icon-text-id-03b6d603571fc7843835bc719993ada0 .text-icon.dt-icon-border-on:before {\n  border-style: double;\n}\n.icon-with-text-shortcode.icon-text-id-03b6d603571fc7843835bc719993ada0 .text-icon.dt-icon-border-dashed.dt-icon-border-on:before {\n  border-style: dashed;\n}\n.icon-with-text-shortcode.icon-text-id-03b6d603571fc7843835bc719993ada0 .text-icon.dt-icon-border-dotted.dt-icon-border-on:before {\n  border-style: dotted;\n}\n.icon-with-text-shortcode.icon-text-id-03b6d603571fc7843835bc719993ada0 .text-icon.dt-icon-border-double.dt-icon-border-on:before {\n  border-style: double;\n}\n.icon-with-text-shortcode.icon-text-id-03b6d603571fc7843835bc719993ada0 .text-icon.dt-icon-hover-border-on:after {\n  border-width: 2px;\n  border-style: solid;\n}\n.icon-with-text-shortcode.icon-text-id-03b6d603571fc7843835bc719993ada0 .text-icon.dt-icon-border-dashed.dt-icon-hover-border-on:after {\n  border-style: dashed;\n}\n.icon-with-text-shortcode.icon-text-id-03b6d603571fc7843835bc719993ada0 .text-icon.dt-icon-border-dotted.dt-icon-hover-border-on:after {\n  border-style: dotted;\n}\n.icon-with-text-shortcode.icon-text-id-03b6d603571fc7843835bc719993ada0 .text-icon.dt-icon-border-double.dt-icon-hover-border-on:after {\n  border-style: double;\n}\n.icon-with-text-shortcode.icon-text-id-03b6d603571fc7843835bc719993ada0 .text-icon.dt-icon-hover-on:hover {\n  font-size: 70px;\n}\n#page .icon-with-text-shortcode.icon-text-id-03b6d603571fc7843835bc719993ada0 .text-icon.dt-icon-hover-on:hover .soc-font-icon,\n#phantom .icon-with-text-shortcode.icon-text-id-03b6d603571fc7843835bc719993ada0 .text-icon.dt-icon-hover-on:hover .soc-font-icon,\n#page .icon-with-text-shortcode.icon-text-id-03b6d603571fc7843835bc719993ada0 .text-icon.dt-icon-hover-on:hover .soc-icon,\n#phantom .icon-with-text-shortcode.icon-text-id-03b6d603571fc7843835bc719993ada0 .text-icon.dt-icon-hover-on:hover .soc-icon {\n  color: #ffffff;\n  background: none;\n}\n#page .icon-with-text-shortcode.icon-text-id-03b6d603571fc7843835bc719993ada0 .text-icon.dt-icon-hover-bg-on .icon-inner:after,\n#phantom .icon-with-text-shortcode.icon-text-id-03b6d603571fc7843835bc719993ada0 .text-icon.dt-icon-hover-bg-on .icon-inner:after {\n  background: #f07924;\n}\n#page .icon-with-text-shortcode.icon-text-id-03b6d603571fc7843835bc719993ada0 .text-icon.dt-icon-hover-on:not(:hover) .soc-font-icon,\n#phantom .icon-with-text-shortcode.icon-text-id-03b6d603571fc7843835bc719993ada0 .text-icon.dt-icon-hover-on:not(:hover) .soc-font-icon,\n#page .icon-with-text-shortcode.icon-text-id-03b6d603571fc7843835bc719993ada0 .text-icon.dt-icon-hover-on:not(:hover) .soc-icon,\n#phantom .icon-with-text-shortcode.icon-text-id-03b6d603571fc7843835bc719993ada0 .text-icon.dt-icon-hover-on:not(:hover) .soc-icon,\n#page .icon-with-text-shortcode.icon-text-id-03b6d603571fc7843835bc719993ada0 .text-icon.dt-icon-hover-off .soc-font-icon,\n#phantom .icon-with-text-shortcode.icon-text-id-03b6d603571fc7843835bc719993ada0 .text-icon.dt-icon-hover-off .soc-font-icon,\n#page .icon-with-text-shortcode.icon-text-id-03b6d603571fc7843835bc719993ada0 .text-icon.dt-icon-hover-off .soc-icon,\n#phantom .icon-with-text-shortcode.icon-text-id-03b6d603571fc7843835bc719993ada0 .text-icon.dt-icon-hover-off .soc-icon {\n  color: #ffffff;\n  background: none;\n}\n.icon-with-text-shortcode.icon-text-id-03b6d603571fc7843835bc719993ada0.layout-1 {\n  grid-template-columns: 110px minmax(0,1fr);\n  grid-column-gap: 0px;\n}\n.icon-with-text-shortcode.icon-text-id-03b6d603571fc7843835bc719993ada0.layout-2 {\n  grid-template-columns: minmax(0,1fr) 110px;\n  grid-column-gap: 0px;\n}\n.icon-with-text-shortcode.icon-text-id-03b6d603571fc7843835bc719993ada0.layout-2 .text-icon {\n  margin-left: 0;\n}\n.icon-with-text-shortcode.icon-text-id-03b6d603571fc7843835bc719993ada0.layout-3 {\n  grid-template-columns: 110px minmax(0,1fr);\n}\n.icon-with-text-shortcode.icon-text-id-03b6d603571fc7843835bc719993ada0.layout-3 .dt-text-title {\n  margin-left: 0px;\n}\n.icon-with-text-shortcode.icon-text-id-03b6d603571fc7843835bc719993ada0 .dt-text-title,\n.icon-with-text-shortcode.icon-text-id-03b6d603571fc7843835bc719993ada0 .dt-text-title a {\n  font-weight: bold;\n}\n.icon-with-text-shortcode.icon-text-id-03b6d603571fc7843835bc719993ada0 .dt-text-title {\n  margin-bottom: 0px;\n}\n.icon-with-text-shortcode.icon-text-id-03b6d603571fc7843835bc719993ada0 .dt-text-desc {\n  margin-bottom: 0px;\n}<\/style><div class=\"icon-with-text-shortcode  icon-text-id-03b6d603571fc7843835bc719993ada0 layout-5  \" ><a href=\"https:\/\/www.tipf.dk\/\" target=\"_blank\" class=\"anchor-link text-icon dt-icon-bg-on dt-icon-hover-on dt-icon-hover-bg-on\"><span class=\"icon-inner\"><i class=\"dt-regular-icon soc-icon icomoon-the7-font-website\"><\/i><i class=\"dt-hover-icon soc-icon icomoon-the7-font-website\"><\/i><\/span><\/a><h4 class=\"dt-text-title anchor-link\"><a class=\"anchor-link\"  href=\"https:\/\/www.tipf.dk\/\" target=\"_blank\">Bes\u00f8g personaleforeningens hjemmeside<\/a><\/h4><\/div>[\/vc_column_inner][\/vc_row_inner][\/vc_tta_section][\/vc_tta_tour][\/vc_column][\/vc_row][vc_row][vc_column][vc_empty_space height=&#8221;30px&#8221;]<style type=\"text\/css\" data-type=\"the7_shortcodes-inline-css\">#default-btn-ba001cb747994781b4651f6fbe5f3b23 {\n  border-radius: 3px;\n  font-size: 14px;\n  line-height: 16px;\n}\n.btn-shadow#default-btn-ba001cb747994781b4651f6fbe5f3b23 {\n  box-shadow: 0 1px 6px rgba(0,0,0,0.12);\n  transition: box-shadow 0.2s ease-out, opacity 0.45s;\n}\n.btn-shadow#default-btn-ba001cb747994781b4651f6fbe5f3b23:hover {\n  box-shadow: 0 5px 11px 0 rgba(0,0,0,0.18), 0 4px 15px 0 rgba(0,0,0,0.15);\n}\n.btn-flat#default-btn-ba001cb747994781b4651f6fbe5f3b23 {\n  box-shadow: none;\n}\n.btn-flat#default-btn-ba001cb747994781b4651f6fbe5f3b23:hover {\n  box-shadow: none;\n}\n#default-btn-ba001cb747994781b4651f6fbe5f3b23.ico-right-side > i {\n  margin-right: 0px;\n  margin-left: 8px;\n}\n#default-btn-ba001cb747994781b4651f6fbe5f3b23 > i {\n  margin-right: 8px;\n  font-size: 14px;\n}\n#default-btn-ba001cb747994781b4651f6fbe5f3b23:not(:hover) {\n  border-width: 0px;\n  padding: 12px 18px 11px 18px;\n}\n#default-btn-ba001cb747994781b4651f6fbe5f3b23:hover {\n  border-width: 0px;\n  padding: 12px 18px 11px 18px;\n}\n#default-btn-ba001cb747994781b4651f6fbe5f3b23.ico-right-side > i {\n  margin-right: 0px;\n  margin-left: 8px;\n}\n#default-btn-ba001cb747994781b4651f6fbe5f3b23 > i {\n  margin-right: 8px;\n}<\/style><div class=\"btn-align-center\"><a href=\"https:\/\/www.tcomp.dk\/index.php\/online-jobansogning\/\" class=\"default-btn-shortcode dt-btn link-hover-off btn-shadow \" id=\"default-btn-ba001cb747994781b4651f6fbe5f3b23\"><i class=\"fas fa-pencil-alt\"><\/i><span>Ans\u00f8g job hos Tcomp<\/span><\/a><\/div>[vc_empty_space height=&#8221;30px&#8221;][\/vc_column][\/vc_row][vc_row][vc_column][vc_column_text css=&#8221;&#8221;]<\/p>\n<p style=\"text-align: center;\">Vi modtager meget gerne relevante uopfordrede ans\u00f8gninger.<br \/>\nI s\u00e5 fald skal du bruge ovenst\u00e5ende link \u201dAns\u00f8g job hos Tcomp\u201d.<\/p>\n<p>[\/vc_column_text][\/vc_column][\/vc_row]<\/p>\n<\/div>","protected":false},"excerpt":{"rendered":"<p>[vc_row full_width_row=&#8221;true&#8221; padding_left=&#8221;30&#8243; padding_right=&#8221;30&#8243;][vc_column][vc_custom_heading text=&#8221;Jobs&#8221; google_fonts=&#8221;font_family:Arimo%3Aregular%2Citalic%2C700%2C700italic|font_style:400%20regular%3A400%3Anormal&#8221;][vc_tta_tour][vc_tta_section title=&#8221;Jobopslag&#8221; tab_id=&#8221;job&#8221;][vc_column_text css=&#8221;.vc_custom_1774875958337{margin-top: 20px !important;margin-right: 20px !important;margin-bottom: 70px !important;margin-left: 20px !important;}&#8221;] Jobopslag Uddannelse og\/eller erfaring Ans\u00f8gningsfrist Tiltr\u00e6delse V\u00e6rkf\u00f8rer Har solid erfaring fra metal- eller st\u00e5lbranchen. 15. april 2026 1. juni 2026, evt. tidligere efter n\u00e6rmere aftale [\/vc_column_text][\/vc_tta_section][vc_tta_section title=&#8221;L\u00e6rlinge&#8221; tab_id=&#8221;1562066094193-e75eb51d-67f2&#8243;][vc_column_text css=&#8221;.vc_custom_1723551491107{margin-top: 20px !important;margin-right: 20px !important;margin-bottom: 70px !important;margin-left: 20px !important;}&#8221;]L\u00e6rlingepolitik: Tj\u00e6reborg&hellip;<\/p>\n","protected":false},"author":3,"featured_media":0,"parent":0,"menu_order":0,"comment_status":"closed","ping_status":"closed","template":"","meta":{"footnotes":""},"class_list":["post-2603","page","type-page","status-publish","hentry","description-off"],"_links":{"self":[{"href":"https:\/\/www.tcomp.dk\/index.php\/wp-json\/wp\/v2\/pages\/2603","targetHints":{"allow":["GET"]}}],"collection":[{"href":"https:\/\/www.tcomp.dk\/index.php\/wp-json\/wp\/v2\/pages"}],"about":[{"href":"https:\/\/www.tcomp.dk\/index.php\/wp-json\/wp\/v2\/types\/page"}],"author":[{"embeddable":true,"href":"https:\/\/www.tcomp.dk\/index.php\/wp-json\/wp\/v2\/users\/3"}],"replies":[{"embeddable":true,"href":"https:\/\/www.tcomp.dk\/index.php\/wp-json\/wp\/v2\/comments?post=2603"}],"version-history":[{"count":13,"href":"https:\/\/www.tcomp.dk\/index.php\/wp-json\/wp\/v2\/pages\/2603\/revisions"}],"predecessor-version":[{"id":4543,"href":"https:\/\/www.tcomp.dk\/index.php\/wp-json\/wp\/v2\/pages\/2603\/revisions\/4543"}],"wp:attachment":[{"href":"https:\/\/www.tcomp.dk\/index.php\/wp-json\/wp\/v2\/media?parent=2603"}],"curies":[{"name":"wp","href":"https:\/\/api.w.org\/{rel}","templated":true}]}}