{"id":2906,"date":"2022-09-28T08:22:12","date_gmt":"2022-09-28T06:22:12","guid":{"rendered":"https:\/\/www.tcomp.dk\/?page_id=2906"},"modified":"2022-09-28T08:22:12","modified_gmt":"2022-09-28T06:22:12","slug":"temporary-energy-supplement","status":"publish","type":"page","link":"https:\/\/www.tcomp.dk\/index.php\/company\/temporary-energy-supplement\/","title":{"rendered":"Temporary energy supplement"},"content":{"rendered":"<div class=\"wpb-content-wrapper\"><p>[vc_row type=&#8221;vc_default&#8221; css=&#8221;.vc_custom_1664345823479{margin-right: 30px !important;margin-left: 30px !important;}&#8221;][vc_column][vc_custom_heading text=&#8221;Temporary energy supplement&#8221; google_fonts=&#8221;font_family:Roboto%3A100%2C100italic%2C300%2C300italic%2Cregular%2Citalic%2C500%2C500italic%2C700%2C700italic%2C900%2C900italic|font_style:400%20regular%3A400%3Anormal&#8221;][vc_column_text]Due to significant price increases for energy, we are unfortunately forced to introduce a temporary energy supplement.<\/p>\n<p>The supplement is valid for orders created from 30 September 2022. The temporary energy supplement is imposed on all orders and amounts to 3.0% &#8211; however a maximum of 47,- Euros per order.<\/p>\n<p>The energy surcharge is calculated on the basis of the total order balance excl. taxes etc.<\/p>\n<p>We will continuously monitor the situation and if there are any changes in our extraordinary costs for energy, we will assess whether the supplement should be adjusted or completely removed again.<\/p>\n<p>(Energy surcharge will appear on the invoice)[\/vc_column_text][vc_custom_heading text=&#8221;Midlertidigt energitill\u00e6g&#8221; google_fonts=&#8221;font_family:Roboto%3A100%2C100italic%2C300%2C300italic%2Cregular%2Citalic%2C500%2C500italic%2C700%2C700italic%2C900%2C900italic|font_style:400%20regular%3A400%3Anormal&#8221;][vc_column_text]Grundet betydelige prisstigninger p\u00e5 energi, ser vi os desv\u00e6rre n\u00f8dsaget til at indf\u00f8re et midlertidigt energitill\u00e6g.<\/p>\n<p>Till\u00e6gget er g\u00e6ldende for ordre oprettet fra 30. september 2022. Det midlertidige energitill\u00e6g p\u00e5l\u00e6gges alle ordre og udg\u00f8r 3,0% &#8211; dog maksimalt kr. 350,- pr. ordre.<\/p>\n<p>Energitill\u00e6gget beregnes p\u00e5 basis af den samlede ordresaldo excl. afgifter m.m.<\/p>\n<p>Vi vil l\u00f8bende f\u00f8lge situationen og sker der \u00e6ndringer i vores ekstraordin\u00e6re omkostninger til energi, vil vi vurdere, om till\u00e6gget skal reguleres eller helt fjernes igen.<\/p>\n<p>(Energitill\u00e6g vil fremg\u00e5 p\u00e5 faktura)[\/vc_column_text][\/vc_column][\/vc_row]<\/p>\n<\/div>","protected":false},"excerpt":{"rendered":"<p>[vc_row type=&#8221;vc_default&#8221; css=&#8221;.vc_custom_1664345823479{margin-right: 30px !important;margin-left: 30px !important;}&#8221;][vc_column][vc_custom_heading text=&#8221;Temporary energy supplement&#8221; google_fonts=&#8221;font_family:Roboto%3A100%2C100italic%2C300%2C300italic%2Cregular%2Citalic%2C500%2C500italic%2C700%2C700italic%2C900%2C900italic|font_style:400%20regular%3A400%3Anormal&#8221;][vc_column_text]Due to significant price increases for energy, we are unfortunately forced to introduce a temporary energy supplement. The supplement is valid for orders created from 30 September 2022. The temporary energy supplement is imposed on all orders and amounts to 3.0% &#8211; however a maximum&hellip;<\/p>\n","protected":false},"author":3,"featured_media":0,"parent":960,"menu_order":0,"comment_status":"closed","ping_status":"closed","template":"","meta":{"footnotes":""},"class_list":["post-2906","page","type-page","status-publish","hentry","description-off"],"_links":{"self":[{"href":"https:\/\/www.tcomp.dk\/index.php\/wp-json\/wp\/v2\/pages\/2906","targetHints":{"allow":["GET"]}}],"collection":[{"href":"https:\/\/www.tcomp.dk\/index.php\/wp-json\/wp\/v2\/pages"}],"about":[{"href":"https:\/\/www.tcomp.dk\/index.php\/wp-json\/wp\/v2\/types\/page"}],"author":[{"embeddable":true,"href":"https:\/\/www.tcomp.dk\/index.php\/wp-json\/wp\/v2\/users\/3"}],"replies":[{"embeddable":true,"href":"https:\/\/www.tcomp.dk\/index.php\/wp-json\/wp\/v2\/comments?post=2906"}],"version-history":[{"count":0,"href":"https:\/\/www.tcomp.dk\/index.php\/wp-json\/wp\/v2\/pages\/2906\/revisions"}],"up":[{"embeddable":true,"href":"https:\/\/www.tcomp.dk\/index.php\/wp-json\/wp\/v2\/pages\/960"}],"wp:attachment":[{"href":"https:\/\/www.tcomp.dk\/index.php\/wp-json\/wp\/v2\/media?parent=2906"}],"curies":[{"name":"wp","href":"https:\/\/api.w.org\/{rel}","templated":true}]}}