{"id":3278,"date":"2024-11-27T09:45:03","date_gmt":"2024-11-27T08:45:03","guid":{"rendered":"https:\/\/www.tcomp.dk\/?page_id=3278"},"modified":"2024-11-27T14:56:33","modified_gmt":"2024-11-27T13:56:33","slug":"online-jobansogning","status":"publish","type":"page","link":"https:\/\/www.tcomp.dk\/index.php\/online-jobansogning\/","title":{"rendered":"Online jobans\u00f8gning"},"content":{"rendered":"<div class=\"wpb-content-wrapper\"><p>[vc_row type=&#8221;vc_default&#8221; gap=&#8221;30&#8243; content_placement=&#8221;top&#8221; full_width_row=&#8221;true&#8221; css=&#8221;.vc_custom_1732632299880{margin-top: -20px !important;margin-right: 10px !important;margin-bottom: 30px !important;margin-left: 10px !important;}&#8221;][vc_column width=&#8221;2\/3&#8243; css=&#8221;.vc_custom_1587454061206{background-position: center !important;background-repeat: no-repeat !important;background-size: cover !important;}&#8221;]\n<div class=\"wpcf7 no-js\" id=\"wpcf7-f3797-o1\" lang=\"en-US\" dir=\"ltr\" data-wpcf7-id=\"3797\">\n<div class=\"screen-reader-response\"><p role=\"status\" aria-live=\"polite\" aria-atomic=\"true\"><\/p> <ul><\/ul><\/div>\n<form action=\"\/index.php\/wp-json\/wp\/v2\/pages\/3278#wpcf7-f3797-o1\" method=\"post\" class=\"wpcf7-form init\" aria-label=\"Contact form\" enctype=\"multipart\/form-data\" novalidate=\"novalidate\" data-status=\"init\">\n<fieldset class=\"hidden-fields-container\"><input type=\"hidden\" name=\"_wpcf7\" value=\"3797\" \/><input type=\"hidden\" name=\"_wpcf7_version\" value=\"6.1.5\" \/><input type=\"hidden\" name=\"_wpcf7_locale\" value=\"en_US\" \/><input type=\"hidden\" name=\"_wpcf7_unit_tag\" value=\"wpcf7-f3797-o1\" \/><input type=\"hidden\" name=\"_wpcf7_container_post\" value=\"0\" \/><input type=\"hidden\" name=\"_wpcf7_posted_data_hash\" value=\"\" \/><input type=\"hidden\" name=\"_wpcf7cf_hidden_group_fields\" value=\"[]\" \/><input type=\"hidden\" name=\"_wpcf7cf_hidden_groups\" value=\"[]\" \/><input type=\"hidden\" name=\"_wpcf7cf_visible_groups\" value=\"[]\" \/><input type=\"hidden\" name=\"_wpcf7cf_repeaters\" value=\"[]\" \/><input type=\"hidden\" name=\"_wpcf7cf_steps\" value=\"{}\" \/><input type=\"hidden\" name=\"_wpcf7cf_options\" value=\"{&quot;form_id&quot;:3797,&quot;conditions&quot;:[],&quot;settings&quot;:{&quot;animation&quot;:&quot;yes&quot;,&quot;animation_intime&quot;:200,&quot;animation_outtime&quot;:200,&quot;conditions_ui&quot;:&quot;normal&quot;,&quot;notice_dismissed&quot;:false,&quot;notice_dismissed_rollback-cf7-5.4&quot;:true,&quot;notice_dismissed_rollback-cf7-5.4.1&quot;:true,&quot;notice_dismissed_rollback-cf7-5.8&quot;:true,&quot;notice_dismissed_rollback-cf7-5.8.1&quot;:true,&quot;notice_dismissed_rollback-cf7-5.8.2&quot;:true,&quot;notice_dismissed_rollback-cf7-5.8.3&quot;:true,&quot;notice_dismissed_rollback-cf7-5.8.5&quot;:true,&quot;notice_dismissed_rollback-cf7-5.8.6&quot;:true,&quot;notice_dismissed_rollback-cf7-5.8.7&quot;:true,&quot;notice_dismissed_rollback-cf7-5.9.3&quot;:true,&quot;notice_dismissed_rollback-cf7-5.9.4&quot;:true,&quot;notice_dismissed_rollback-cf7-5.9.5&quot;:true,&quot;notice_dismissed_rollback-cf7-5.9.6&quot;:true,&quot;notice_dismissed_rollback-cf7-5.9.7&quot;:true,&quot;notice_dismissed_rollback-cf7-6.0.2&quot;:true,&quot;notice_dismissed_rollback-cf7-6.0.4&quot;:true}}\" \/>\n<\/fieldset>\n<style>\nh6 {\n color:gray;\n font-size: 12px;\n}\nhr { \n border-style: solid;\n border-width: 1px;\n color: lightgray;\n} \nspan.undertekst {\n font-size: 12px;\n}\ndiv.overskrift {\n background-color: #DCDCDC;\n color: black;\n font-size: 16px;\n font-weight: bold;\n padding-left: 10px;\n margin-bottom: 0px;\n}\np.top {\n margin-top:40px;\n}\n<\/style>\n<div class=\"overskrift\">\n\t<p>JOB <span style=\"color:red; font-weight:bold\">*<\/span>\n\t<\/p>\n<\/div>\n<p><span class=\"undertekst\">V\u00e6lg venligst hvilket job, du gerne vil ans\u00f8ge.<\/span><br \/>\n<span class=\"wpcf7-form-control-wrap\" data-name=\"job\"><select class=\"wpcf7-form-control wpcf7-select wpcf7-validates-as-required\" aria-required=\"true\" aria-invalid=\"false\" name=\"job\"><option value=\"Uopfordret\">Uopfordret<\/option><option value=\"V\u00e6rkf\u00f8rer\">V\u00e6rkf\u00f8rer<\/option><\/select><\/span>\n<\/p>\n<p class=\"top\">\n<\/p>\n<div class=\"overskrift\">\n\t<p>KONTAKTOPLYSNINGER\n\t<\/p>\n<\/div>\n<p>Din e-mailadresse <span style=\"color:red; font-weight:bold\">* <\/span><span class=\"wpcf7-form-control-wrap\" data-name=\"email\"><input size=\"40\" maxlength=\"400\" class=\"wpcf7-form-control wpcf7-email wpcf7-validates-as-required wpcf7-text wpcf7-validates-as-email\" aria-required=\"true\" aria-invalid=\"false\" placeholder=\"Skal udfyldes\" value=\"\" type=\"email\" name=\"email\" \/><\/span><br \/>\nDit fulde navn <span style=\"color:red; font-weight:bold\">* <\/span><span class=\"wpcf7-form-control-wrap\" data-name=\"fuldenavn\"><input size=\"40\" maxlength=\"400\" class=\"wpcf7-form-control wpcf7-text wpcf7-validates-as-required\" aria-required=\"true\" aria-invalid=\"false\" placeholder=\"Skal udfyldes\" value=\"\" type=\"text\" name=\"fuldenavn\" \/><\/span><br \/>\nDin adresse (gade og husnummer) <span style=\"color:red; font-weight:bold\">* <\/span><span class=\"wpcf7-form-control-wrap\" data-name=\"adresse\"><input size=\"40\" maxlength=\"400\" class=\"wpcf7-form-control wpcf7-text wpcf7-validates-as-required\" aria-required=\"true\" aria-invalid=\"false\" placeholder=\"Skal udfyldes\" value=\"\" type=\"text\" name=\"adresse\" \/><\/span><br \/>\nPostnummer og by <span style=\"color:red; font-weight:bold\">* <\/span><span class=\"wpcf7-form-control-wrap\" data-name=\"Postnummer_by\"><input size=\"40\" maxlength=\"400\" class=\"wpcf7-form-control wpcf7-text wpcf7-validates-as-required\" aria-required=\"true\" aria-invalid=\"false\" placeholder=\"Skal udfyldes\" value=\"\" type=\"text\" name=\"Postnummer_by\" \/><\/span><br \/>\nDit telefonnummer <span class=\"wpcf7-form-control-wrap\" data-name=\"tel\"><input size=\"40\" maxlength=\"400\" class=\"wpcf7-form-control wpcf7-tel wpcf7-text wpcf7-validates-as-tel\" aria-invalid=\"false\" value=\"\" type=\"tel\" name=\"tel\" \/><\/span>\n<\/p>\n<p class=\"top\">\n<\/p>\n<div class=\"overskrift\">\n\t<p>UDDANNELSE\n\t<\/p>\n<\/div>\n<p>Uddannelsesniveau <span class=\"wpcf7-form-control-wrap\" data-name=\"Uddannelsesniveau\"><input size=\"40\" maxlength=\"400\" class=\"wpcf7-form-control wpcf7-text\" aria-invalid=\"false\" value=\"\" type=\"text\" name=\"Uddannelsesniveau\" \/><\/span><br \/>\nTitel p\u00e5 uddannelse <span class=\"wpcf7-form-control-wrap\" data-name=\"titel_paa_uddannelse\"><input size=\"40\" maxlength=\"400\" class=\"wpcf7-form-control wpcf7-text\" aria-invalid=\"false\" value=\"\" type=\"text\" name=\"titel_paa_uddannelse\" \/><\/span>\n<\/p>\n<p class=\"top\">\n<\/p>\n<div class=\"overskrift\">\n\t<p>ERHVERVSERFARING\n\t<\/p>\n<\/div>\n<p>Totalt antal \u00e5rs relevant arbejdserfaring <span class=\"wpcf7-form-control-wrap\" data-name=\"antal_arr_arbejdserfaring\"><input size=\"40\" maxlength=\"400\" class=\"wpcf7-form-control wpcf7-text\" aria-invalid=\"false\" value=\"\" type=\"text\" name=\"antal_arr_arbejdserfaring\" \/><\/span><br \/>\nNuv\u00e6rende stilling <span class=\"wpcf7-form-control-wrap\" data-name=\"nuvaerende_stilling\"><input size=\"40\" maxlength=\"400\" class=\"wpcf7-form-control wpcf7-text\" aria-invalid=\"false\" value=\"\" type=\"text\" name=\"nuvaerende_stilling\" \/><\/span><br \/>\nNuv\u00e6rende arbejdsgiver <span class=\"wpcf7-form-control-wrap\" data-name=\"nuvaerende_arbejdsgiver\"><input size=\"40\" maxlength=\"400\" class=\"wpcf7-form-control wpcf7-text\" aria-invalid=\"false\" value=\"\" type=\"text\" name=\"nuvaerende_arbejdsgiver\" \/><\/span>\n<\/p>\n<p class=\"top\">\n<\/p>\n<div class=\"overskrift\">\n\t<p>DOKUMENTER\n\t<\/p>\n<\/div>\n<p><span class=\"undertekst\">Maksimal filst\u00f8rrelse til upload er<span style=\"color:red;\"> 2 MB <\/span><br \/>\nTilladte filtyper: PDF, DOC, DOCX, HTML, HTM, XLS, XLSX, ODT, ODS, PPT, PPTX, TXT og IMAGE<\/span>\n<\/p>\n<p>Ans\u00f8gning <span style=\"color:red; font-weight:bold\">* <\/span>: <span class=\"wpcf7-form-control-wrap\" data-name=\"file-1\"><input size=\"40\" class=\"wpcf7-form-control wpcf7-file wpcf7-validates-as-required\" accept=\"image\/*,.pdf,.doc,.docx,.html,.htm,.xls,.xlsx,.odt,.ods,.ppt,.pptx,.txt\" aria-required=\"true\" aria-invalid=\"false\" type=\"file\" name=\"file-1\" \/><\/span>\n<\/p>\n<p>CV <span style=\"color:red; font-weight:bold\">* <\/span>: <span class=\"wpcf7-form-control-wrap\" data-name=\"file-2\"><input size=\"40\" class=\"wpcf7-form-control wpcf7-file wpcf7-validates-as-required\" accept=\"image\/*,.pdf,.doc,.docx,.html,.htm,.xls,.xlsx,.odt,.ods,.ppt,.pptx,.txt\" aria-required=\"true\" aria-invalid=\"false\" type=\"file\" name=\"file-2\" \/><\/span>\n<\/p>\n<hr \/>\n<p><strong>Andre relevante dokumenter<\/strong><br \/>\n<span class=\"undertekst\">Dette kan for eksempel v\u00e6re eksamensbeviser, udtalelser osv.<\/span>\n<\/p>\n<p>Bilag: <span class=\"wpcf7-form-control-wrap\" data-name=\"file-3\"><input size=\"40\" class=\"wpcf7-form-control wpcf7-file\" accept=\"image\/*,.pdf,.doc,.docx,.html,.htm,.xls,.xlsx,.odt,.ods,.ppt,.pptx,.txt\" aria-invalid=\"false\" type=\"file\" name=\"file-3\" \/><\/span>\n<\/p>\n<p>Bilag: <span class=\"wpcf7-form-control-wrap\" data-name=\"file-4\"><input size=\"40\" class=\"wpcf7-form-control wpcf7-file\" accept=\"image\/*,.pdf,.doc,.docx,.html,.htm,.xls,.xlsx,.odt,.ods,.ppt,.pptx,.txt\" aria-invalid=\"false\" type=\"file\" name=\"file-4\" \/><\/span>\n<\/p>\n<p>Bilag: <span class=\"wpcf7-form-control-wrap\" data-name=\"file-5\"><input size=\"40\" class=\"wpcf7-form-control wpcf7-file\" accept=\"image\/*,.pdf,.doc,.docx,.html,.htm,.xls,.xlsx,.odt,.ods,.ppt,.pptx,.txt\" aria-invalid=\"false\" type=\"file\" name=\"file-5\" \/><\/span><br \/>\n<hr \/>\n<\/p>\n<div style=\"padding:15px 0px 0px 0px;\">\n<div class=\"wpcf7-turnstile cf-turnstile\" data-sitekey=\"0x4AAAAAABof0RM8crghyg-6\" data-response-field-name=\"_wpcf7_turnstile_response\"><\/div>\n\t<div style=\"padding:15px 0px 0px 0px;\">\n\t\t<p><input class=\"wpcf7-form-control wpcf7-submit has-spinner\" type=\"submit\" value=\"INDSEND\" \/>\n\t\t<\/p>\n\t<\/div>\n<\/div><div class=\"wpcf7-response-output\" aria-hidden=\"true\"><\/div>\n<\/form>\n<\/div>\n[\/vc_column][vc_column width=&#8221;1\/3&#8243;][vc_custom_heading text=&#8221;Privatlivspolitik&#8221; font_container=&#8221;tag:h3|text_align:left&#8221; google_fonts=&#8221;font_family:Roboto%3A100%2C100italic%2C300%2C300italic%2Cregular%2Citalic%2C500%2C500italic%2C700%2C700italic%2C900%2C900italic|font_style:400%20regular%3A400%3Anormal&#8221; css=&#8221;.vc_custom_1732690619225{margin-top: 30px !important;}&#8221;][vc_column_text css=&#8221;&#8221;]<\/p>\n<div class=\"wpb_text_column wpb_content_element vc_custom_1584005385917\">\n<div class=\"wpb_wrapper\">\n<p><strong><label class=\"vfb-desc\">Instruktion <\/label><\/strong><\/p>\n<p>Ved at sende os din ans\u00f8gning giver du os lov til gemme denne, til brug i forbindelse med dette jobopslag.<br \/>\nYdermere forbeholder vi os retten til eventuelt at gemme din ans\u00f8gning, til senere brug i forbindelse med en anden stilling eller en fremtidig stilling.<br \/>\nDine oplysninger vil kun blive brugt i forbindelse med stillingsopslag.<br \/>\nDu har altid mulighed og ret til at f\u00e5 dine data slettet i henhold til GDPR. S\u00e5fremt du \u00f8nsker en tidligere ans\u00f8gning slettet, skal du kontakte os p\u00e5 <a class=\"ISgb\" href=\"&#109;&#x61;&#105;&#x6c;t&#111;&#x3a;&#84;&#x63;o&#x6d;p&#64;&#x74;&#99;&#x6f;m&#x70;&#x2e;&#100;&#x6b;\">&#x54;&#99;&#x6f;&#x6d;p&#x40;&#116;c&#x6f;&#109;p&#x2e;&#100;&#x6b;<\/a><\/div>\n<\/div>\n<p>[\/vc_column_text][\/vc_column][\/vc_row]<\/p>\n<\/div>","protected":false},"excerpt":{"rendered":"<p>[vc_row type=&#8221;vc_default&#8221; gap=&#8221;30&#8243; content_placement=&#8221;top&#8221; full_width_row=&#8221;true&#8221; css=&#8221;.vc_custom_1732632299880{margin-top: -20px !important;margin-right: 10px !important;margin-bottom: 30px !important;margin-left: 10px !important;}&#8221;][vc_column width=&#8221;2\/3&#8243; css=&#8221;.vc_custom_1587454061206{background-position: center !important;background-repeat: no-repeat !important;background-size: cover !important;}&#8221;][\/vc_column][vc_column width=&#8221;1\/3&#8243;][vc_custom_heading text=&#8221;Privatlivspolitik&#8221; font_container=&#8221;tag:h3|text_align:left&#8221; google_fonts=&#8221;font_family:Roboto%3A100%2C100italic%2C300%2C300italic%2Cregular%2Citalic%2C500%2C500italic%2C700%2C700italic%2C900%2C900italic|font_style:400%20regular%3A400%3Anormal&#8221; css=&#8221;.vc_custom_1732690619225{margin-top: 30px !important;}&#8221;][vc_column_text css=&#8221;&#8221;] Instruktion Ved at sende os din ans\u00f8gning giver du os lov til gemme denne, til brug i forbindelse med dette jobopslag. Ydermere forbeholder vi os&hellip;<\/p>\n","protected":false},"author":3,"featured_media":0,"parent":0,"menu_order":0,"comment_status":"closed","ping_status":"closed","template":"","meta":{"footnotes":""},"class_list":["post-3278","page","type-page","status-publish","hentry","description-off"],"_links":{"self":[{"href":"https:\/\/www.tcomp.dk\/index.php\/wp-json\/wp\/v2\/pages\/3278","targetHints":{"allow":["GET"]}}],"collection":[{"href":"https:\/\/www.tcomp.dk\/index.php\/wp-json\/wp\/v2\/pages"}],"about":[{"href":"https:\/\/www.tcomp.dk\/index.php\/wp-json\/wp\/v2\/types\/page"}],"author":[{"embeddable":true,"href":"https:\/\/www.tcomp.dk\/index.php\/wp-json\/wp\/v2\/users\/3"}],"replies":[{"embeddable":true,"href":"https:\/\/www.tcomp.dk\/index.php\/wp-json\/wp\/v2\/comments?post=3278"}],"version-history":[{"count":0,"href":"https:\/\/www.tcomp.dk\/index.php\/wp-json\/wp\/v2\/pages\/3278\/revisions"}],"wp:attachment":[{"href":"https:\/\/www.tcomp.dk\/index.php\/wp-json\/wp\/v2\/media?parent=3278"}],"curies":[{"name":"wp","href":"https:\/\/api.w.org\/{rel}","templated":true}]}}