{"id":4150,"date":"2025-10-28T11:33:49","date_gmt":"2025-10-28T10:33:49","guid":{"rendered":"https:\/\/www.tcomp.dk\/?page_id=4150"},"modified":"2025-12-02T13:24:16","modified_gmt":"2025-12-02T12:24:16","slug":"assembly-of-flange-fittings-in-stainless-steel-1-4404-de","status":"publish","type":"page","link":"https:\/\/www.tcomp.dk\/index.php\/flange-fittings-de\/assembly-of-flange-fittings-in-stainless-steel-1-4404-de\/","title":{"rendered":"Assembly of flange fittings in stainless steel 1.4404 &#8211; DE"},"content":{"rendered":"<div class=\"wpb-content-wrapper\"><p>[vc_row full_width_row=&#8221;true&#8221; padding_left=&#8221;30&#8243; padding_right=&#8221;30&#8243;][vc_column][vc_custom_heading text=&#8221;Montage von Flanschfittings aus Edelstahl 1.4404&#8243; google_fonts=&#8221;font_family:Roboto%3A100%2C100italic%2C300%2C300italic%2Cregular%2Citalic%2C500%2C500italic%2C700%2C700italic%2C900%2C900italic|font_style:400%20regular%3A400%3Anormal&#8221; css=&#8221;&#8221;][vc_row_inner][vc_column_inner width=&#8221;5\/6&#8243;]<style type=\"text\/css\" data-type=\"the7_shortcodes-inline-css\">.dt-breadcrumbs-id-a5fa9a75788848dea54239d1d5c788e4 .breadcrumbs {\n  display: inline-block;\n  margin: 0;\n  padding: 2px 10px 2px 10px;\n  border: 0px solid ;\n  border-radius: 0px;\n}\n.dt-breadcrumbs-id-a5fa9a75788848dea54239d1d5c788e4 .breadcrumbs * {\n  color: #a2a5a6;\n}<\/style><div class=\"dt-breadcrumbs-shortcode dt-breadcrumbs-id-a5fa9a75788848dea54239d1d5c788e4 align-left\"><div class=\"assistive-text\">You are here:<\/div><ol class=\"breadcrumbs text-small\" itemscope itemtype=\"https:\/\/schema.org\/BreadcrumbList\"><li itemprop=\"itemListElement\" itemscope itemtype=\"https:\/\/schema.org\/ListItem\"><a itemprop=\"item\" href=\"https:\/\/www.tcomp.dk\/\" title=\"Home\"><span itemprop=\"name\">Home<\/span><\/a><meta itemprop=\"position\" content=\"1\" \/><\/li><li class=\"current\" itemprop=\"itemListElement\" itemscope itemtype=\"https:\/\/schema.org\/ListItem\"><span itemprop=\"name\">Page<\/span><meta itemprop=\"position\" content=\"2\" \/><\/li><\/ol><\/div>[\/vc_column_inner][vc_column_inner width=&#8221;1\/6&#8243;][vc_single_image image=&#8221;4284&#8243; img_size=&#8221;50&#215;25&#8243; alignment=&#8221;right&#8221; onclick=&#8221;custom_link&#8221; css=&#8221;.vc_custom_1764579904085{margin-bottom: 0px !important;}&#8221; image_hovers=&#8221;false&#8221; link=&#8221;https:\/\/www.tcomp.dk\/index.php\/flange-fittings\/assembly-of-flange-fittings-in-stainless-steel-1-4404-en\/&#8221;][\/vc_column_inner][\/vc_row_inner][vc_empty_space height=&#8221;20px&#8221;][\/vc_column][\/vc_row][vc_row][vc_column][vc_separator color=&#8221;custom&#8221; border_width=&#8221;3&#8243; css=&#8221;&#8221; accent_color=&#8221;#F07924&#8243;][\/vc_column][\/vc_row][vc_row type=&#8221;vc_default&#8221; gap=&#8221;20&#8243; full_width_row=&#8221;true&#8221; padding_left=&#8221;30&#8243; padding_right=&#8221;30&#8243; css=&#8221;.vc_custom_1761295905815{margin-right: 30px !important;margin-left: 30px !important;}&#8221;][vc_column width=&#8221;1\/2&#8243;][vc_media_grid element_width=&#8221;6&#8243; gap=&#8221;15&#8243; item=&#8221;masonryMedia_Default&#8221; css=&#8221;&#8221; grid_id=&#8221;vc_gid:1764579876009-a66ce880-8079-6&#8243; include=&#8221;4198,4199,4200,4201,4202,4203,4204,4205,4206,4207,4208,4209,4210,4211,4212,4213,4214,4215&#8243;][\/vc_column][vc_column width=&#8221;1\/2&#8243;][vc_custom_heading text=&#8221;Installationsvideo&#8221; font_container=&#8221;tag:h3|text_align:center&#8221; google_fonts=&#8221;font_family:Roboto%3A100%2C100italic%2C300%2C300italic%2Cregular%2Citalic%2C500%2C500italic%2C700%2C700italic%2C900%2C900italic|font_style:400%20regular%3A400%3Anormal&#8221; css=&#8221;.vc_custom_1761646417144{padding-top: 5px !important;padding-bottom: 5px !important;padding-left: 10px !important;background-color: #F07924 !important;border-radius: 5px !important;}&#8221;][vc_row_inner content_placement=&#8221;middle&#8221; css=&#8221;.vc_custom_1761642260249{margin-bottom: 30px !important;}&#8221;][vc_column_inner width=&#8221;1\/2&#8243;][vc_column_text css=&#8221;.vc_custom_1761647928685{margin-bottom: 15px !important;padding-left: 10px !important;}&#8221;]<\/p>\n<p style=\"text-align: center;\"><span class=\"HwtZe\" lang=\"de\"><span class=\"jCAhz ChMk0b\"><span class=\"ryNqvb\">Scannen Sie den QR-Code oder klicken Sie auf den Link, um das Installationsvideo anzusehen.<\/span><\/span><\/span><\/p>\n<p>[\/vc_column_text]<style type=\"text\/css\" data-type=\"the7_shortcodes-inline-css\">#default-btn-1ffec374e21d7a6204595ddc16587087 {\n  font-size: 14px;\n  line-height: 16px;\n  font-weight: bold;\n  padding: 4px 0px 4px 0px;\n}\n#default-btn-1ffec374e21d7a6204595ddc16587087.ico-right-side > i {\n  margin-right: 0px;\n  margin-left: 8px;\n}\n#default-btn-1ffec374e21d7a6204595ddc16587087:after {\n  height: 3px;\n}\n#default-btn-1ffec374e21d7a6204595ddc16587087 > i {\n  margin-right: 8px;\n  font-size: 16px;\n}\n#default-btn-1ffec374e21d7a6204595ddc16587087.ico-right-side > i {\n  margin-right: 0px;\n  margin-left: 8px;\n}\n#default-btn-1ffec374e21d7a6204595ddc16587087 > i {\n  margin-right: 8px;\n}<\/style><div class=\"btn-align-center\"><a href=\"https:\/\/www.tcomp.dk\/index.php\/flange-fittings-en\/installation-of-flange-fittings\/\" class=\"default-btn-shortcode dt-btn-link from-center-line \" target=\"_blank\" id=\"default-btn-1ffec374e21d7a6204595ddc16587087\" rel=\"noopener\"><i class=\"Defaults-youtube-play\"><\/i><span>Installationsvideo ansehen<\/span><\/a><\/div>[\/vc_column_inner][vc_column_inner width=&#8221;1\/2&#8243;][vc_single_image image=&#8221;4113&#8243; img_size=&#8221;200&#215;200&#8243; alignment=&#8221;center&#8221; onclick=&#8221;custom_link&#8221; img_link_target=&#8221;_blank&#8221; css=&#8221;.vc_custom_1762955589562{margin-bottom: 0px !important;}&#8221; image_hovers=&#8221;false&#8221; link=&#8221;https:\/\/www.tcomp.dk\/index.php\/flange-fittings-en\/installation-of-flange-fittings\/&#8221;][\/vc_column_inner][\/vc_row_inner][vc_custom_heading text=&#8221;Montage&#8221; font_container=&#8221;tag:h3|text_align:center&#8221; google_fonts=&#8221;font_family:Roboto%3A100%2C100italic%2C300%2C300italic%2Cregular%2Citalic%2C500%2C500italic%2C700%2C700italic%2C900%2C900italic|font_style:400%20regular%3A400%3Anormal&#8221; css=&#8221;.vc_custom_1761646436600{margin-top: 50px !important;padding-top: 5px !important;padding-bottom: 5px !important;padding-left: 10px !important;background-color: #F07924 !important;border-radius: 5px !important;}&#8221;][vc_column_text css=&#8221;.vc_custom_1764579114700{margin-top: 25px !important;}&#8221;]<\/p>\n<h5><strong>Nach dem Schwei\u00dfen und vor Beginn der Montage der Flanschfittings:<\/strong><\/h5>\n<ul>\n<li>Der Montageort muss frei und zug\u00e4nglich sein.<\/li>\n<li>Das Medienrohr muss trocken und frei von Polyurethanschaumresten sein.<\/li>\n<\/ul>\n<p>&nbsp;<\/p>\n<h5><strong>Montage von Flanschfittings:<\/strong><\/h5>\n<ol>\n<li>Die vorisolierten oder flexiblen Rohre m\u00fcssen in einem Abstand von ca. 20 cm von Dem Vorisolierten Rohrende von Feuchtigkeit und Schmutz befreit werden.<\/li>\n<li>Das Medienrohr muss trocken und frei von Polyurethanschaumresten sein.<\/li>\n<li>Dichtungsband<span style=\"color: #ff0000;\"><strong>*<\/strong><\/span> wird auf den unteren Teil des Flansches aufgebracht. Das Dichtband sollte 5\u20137 cm \u00fcber die Flanschenden hinausragen und anschlie\u00dfend \u00fcberlappend um den unteren Teil des Flansches gelegt werden.<\/li>\n<li>Die Flansche mit Dichtband sind nun bereit f\u00fcr die Montage um das vorisolierten Rohr<\/li>\n<li>3,5 cm innerhalb der Vorisoliertenrohrenden wird das Dichtband mit einer \u00dcberlappung von ca. 5\u20137 cm um das Geh\u00e4userohr gelegt.<\/li>\n<li>Den unteren Teil des Flansches gegen die Vorisoliertenrohrenden dr\u00fccken und die \u00fcberlappende Dichtungsbandkante festdr\u00fccken.<\/li>\n<li>Montieren Sie den oberen Teil, der mit dem unteren Teil zusammengepresst und festgezogen wird.<\/li>\n<li>Verwenden Sie zur Erleichterung der Montage gegebenenfalls einen Befestigungsgurt, damit Sie beide H\u00e4nde frei haben, um die mitgelieferten Schrauben einzusetzen. Diese werden von unten nach oben mit Unterlegscheiben auf beiden Seiten eingesetzt.<\/li>\n<li>Die Schrauben werden mit 100 Newtonmetern \u00fcber Kreuz angezogen.<\/li>\n<li>Setzen Sie vor dem Bef\u00fcllen mit Schaum einen der beiden mitgelieferten Stopfen (ggf. mit einem Hammer) in eine der Schaum\u00f6ffnungen ein.<\/li>\n<li>Bohren Sie ein Entl\u00fcftungsloch in den Stopfen. Der Stopfen wird w\u00e4hrend des Sch\u00e4umvorgangs fixiert, damit Luft und Schaum durch das Entl\u00fcftungsloch entweichen k\u00f6nnen.<\/li>\n<li>Geben Sie den vorgeschriebenen Schaum hinzu.<\/li>\n<li>Sobald kein Schaum mehr aus dem Entl\u00fcftungsloch austritt, wird Stopfen 2 so eingesetzt, dass er b\u00fcndig mit der Oberkante des Lochs abschlie\u00dft (wie Stopfen 1). Pr\u00fcfen Sie, ob kein Schaum an den Flanschverbindungen ausgetreten ist. Entfernen Sie vorsichtig alle Schaumreste von den Stopfen und schneiden Sie die Haltestreifen ab.<\/li>\n<li>Bereiten Sie die mitgelieferten Scheiben vor, indem Sie die wei\u00dfe Schutzfolie entfernen. Halten Sie eine separate, feuerfeste Unterlage bereit, da der Klebstoff gegebenenfalls mit einem Brenner erhitzt werden muss.<\/li>\n<li>Erhitzen Sie den Stahl um die Stopfen herum kurz, jeweils einen nach dem anderen.<\/li>\n<li>Erhitzen Sie jeweils eine Scheibe vor und\u2026<\/li>\n<li>Legen Sie die vorgeheizte Scheibe (mit Handschuhen) \u00fcber einen der Stopfen. Achten Sie darauf, dass sie fest und vollst\u00e4ndig um den Stopfen angedr\u00fcckt wird.<\/li>\n<li>Mit Scheibe 2 wiederholen.<\/li>\n<\/ol>\n<p>&nbsp;<\/p>\n<p><strong><span style=\"color: #ff0000;\">*<\/span><\/strong> Dichtungsband ist als Rund- und Flachband erh\u00e4ltlich. Bitte separat bestellen \u2013 nicht im Lieferumfang enthalten.[\/vc_column_text]<div class=\"aio-icon-component  vc_custom_1764579575124   style_1\"><div id=\"Info-box-wrap-8605\" class=\"aio-icon-box square_box-icon\" style=\"background-color:#D9D9D9;\"  ><div class=\"aio-icon-square_box\"><div class=\"ult-just-icon-wrapper  \"><div class=\"align-icon\" style=\"text-align:center;\">\n<div class=\"aio-icon none \"  style=\"color:#333;font-size:32px;display:inline-block;\">\n\t<i class=\"Defaults-exclamation-triangle warning\"><\/i>\n<\/div><\/div><\/div><\/div><div class=\"aio-icon-description ult-responsive\"  data-ultimate-target='#Info-box-wrap-8605 .aio-icon-description'  data-responsive-json-new='{\"font-size\":\"\",\"line-height\":\"\"}'  style=\"\"><\/p>\n<p style=\"text-align: center;\"><span style=\"color: #333333;\"><!--StartFragment --><span class=\"cf0\">F\u00fcr die Arbeit mit <\/span><span class=\"cf0\">Epoxidharzen<\/span> <span class=\"cf0\">ist<\/span> <span class=\"cf0\">eine<\/span> <span class=\"cf0\">entsprechende<\/span> <span class=\"cf0\">Schulung<\/span> <span class=\"cf0\">erforderlich<\/span><span class=\"cf0\">. Dabei <\/span><span class=\"cf0\">ist<\/span><span class=\"cf0\"> es <\/span><span class=\"cf0\">wichtig<\/span><span class=\"cf0\">, auf die korrekte <\/span><span class=\"cf0\">Schutzausr\u00fcstung<\/span><span class=\"cf0\"> und die <\/span><span class=\"cf0\">Einhaltung<\/span><span class=\"cf0\"> der <\/span><span class=\"cf0\">Sicherheitsma\u00dfnahmen<\/span> <span class=\"cf0\">zu<\/span><span class=\"cf0\"> achten<\/span><!--EndFragment -->.<\/span><\/p>\n<p><\/div> <!-- description --><\/div> <!-- aio-icon-box --><\/div> <!-- aio-icon-component -->[vc_custom_heading text=&#8221;Herunterladen&#8221; font_container=&#8221;tag:h3|text_align:center&#8221; google_fonts=&#8221;font_family:Roboto%3A100%2C100italic%2C300%2C300italic%2Cregular%2Citalic%2C500%2C500italic%2C700%2C700italic%2C900%2C900italic|font_style:400%20regular%3A400%3Anormal&#8221; css=&#8221;.vc_custom_1762758520531{margin-top: 50px !important;margin-bottom: 30px !important;padding-top: 5px !important;padding-bottom: 5px !important;padding-left: 10px !important;background-color: #F07924 !important;border-radius: 5px !important;}&#8221;][vc_single_image image=&#8221;1281&#8243; img_size=&#8221;120&#215;120&#8243; alignment=&#8221;center&#8221; onclick=&#8221;custom_link&#8221; img_link_target=&#8221;_blank&#8221; css=&#8221;.vc_custom_1762942854903{margin-top: 20px !important;margin-bottom: 20px !important;}&#8221; image_hovers=&#8221;false&#8221; link=&#8221;https:\/\/www.tcomp.dk\/wp-content\/uploads\/2025\/11\/Assembly-of-flange-fittings-in-stainless-steel-1.4404-DE.pdf&#8221;]<style type=\"text\/css\" data-type=\"the7_shortcodes-inline-css\">#default-btn-8820e61f9cf50c1dbd17bc7e1fdb5288 {\n  font-size: 14px;\n  line-height: 16px;\n  font-weight: bold;\n  padding: 4px 0px 4px 0px;\n}\n#default-btn-8820e61f9cf50c1dbd17bc7e1fdb5288.ico-right-side > i {\n  margin-right: 0px;\n  margin-left: 8px;\n}\n#default-btn-8820e61f9cf50c1dbd17bc7e1fdb5288:after {\n  height: 3px;\n}\n#default-btn-8820e61f9cf50c1dbd17bc7e1fdb5288 > i {\n  margin-right: 8px;\n  font-size: 16px;\n}\n#default-btn-8820e61f9cf50c1dbd17bc7e1fdb5288.ico-right-side > i {\n  margin-right: 0px;\n  margin-left: 8px;\n}\n#default-btn-8820e61f9cf50c1dbd17bc7e1fdb5288 > i {\n  margin-right: 8px;\n}<\/style><div class=\"btn-align-center\"><a href=\"https:\/\/www.tcomp.dk\/wp-content\/uploads\/2025\/11\/Assembly-of-flange-fittings-in-stainless-steel-1.4404-DE.pdf\" class=\"default-btn-shortcode dt-btn-link from-center-line  vc_custom_1762942860661\" target=\"_blank\" id=\"default-btn-8820e61f9cf50c1dbd17bc7e1fdb5288\" rel=\"noopener\"><span>Installationsanleitung<\/span><\/a><\/div>[\/vc_column][\/vc_row]<\/p>\n<\/div>","protected":false},"excerpt":{"rendered":"<p>[vc_row full_width_row=&#8221;true&#8221; padding_left=&#8221;30&#8243; padding_right=&#8221;30&#8243;][vc_column][vc_custom_heading text=&#8221;Montage von Flanschfittings aus Edelstahl 1.4404&#8243; google_fonts=&#8221;font_family:Roboto%3A100%2C100italic%2C300%2C300italic%2Cregular%2Citalic%2C500%2C500italic%2C700%2C700italic%2C900%2C900italic|font_style:400%20regular%3A400%3Anormal&#8221; css=&#8221;&#8221;][vc_row_inner][vc_column_inner width=&#8221;5\/6&#8243;][\/vc_column_inner][vc_column_inner width=&#8221;1\/6&#8243;][vc_single_image image=&#8221;4284&#8243; img_size=&#8221;50&#215;25&#8243; alignment=&#8221;right&#8221; onclick=&#8221;custom_link&#8221; css=&#8221;.vc_custom_1764579904085{margin-bottom: 0px !important;}&#8221; image_hovers=&#8221;false&#8221; link=&#8221;https:\/\/www.tcomp.dk\/index.php\/flange-fittings\/assembly-of-flange-fittings-in-stainless-steel-1-4404-en\/&#8221;][\/vc_column_inner][\/vc_row_inner][vc_empty_space height=&#8221;20px&#8221;][\/vc_column][\/vc_row][vc_row][vc_column][vc_separator color=&#8221;custom&#8221; border_width=&#8221;3&#8243; css=&#8221;&#8221; accent_color=&#8221;#F07924&#8243;][\/vc_column][\/vc_row][vc_row type=&#8221;vc_default&#8221; gap=&#8221;20&#8243; full_width_row=&#8221;true&#8221; padding_left=&#8221;30&#8243; padding_right=&#8221;30&#8243; css=&#8221;.vc_custom_1761295905815{margin-right: 30px !important;margin-left: 30px !important;}&#8221;][vc_column width=&#8221;1\/2&#8243;][vc_media_grid element_width=&#8221;6&#8243; gap=&#8221;15&#8243; item=&#8221;masonryMedia_Default&#8221; css=&#8221;&#8221; grid_id=&#8221;vc_gid:1764579876009-a66ce880-8079-6&#8243; include=&#8221;4198,4199,4200,4201,4202,4203,4204,4205,4206,4207,4208,4209,4210,4211,4212,4213,4214,4215&#8243;][\/vc_column][vc_column width=&#8221;1\/2&#8243;][vc_custom_heading text=&#8221;Installationsvideo&#8221; font_container=&#8221;tag:h3|text_align:center&#8221; google_fonts=&#8221;font_family:Roboto%3A100%2C100italic%2C300%2C300italic%2Cregular%2Citalic%2C500%2C500italic%2C700%2C700italic%2C900%2C900italic|font_style:400%20regular%3A400%3Anormal&#8221; css=&#8221;.vc_custom_1761646417144{padding-top: 5px !important;padding-bottom: 5px !important;padding-left: 10px&hellip;<\/p>\n","protected":false},"author":3,"featured_media":0,"parent":4295,"menu_order":0,"comment_status":"closed","ping_status":"closed","template":"","meta":{"footnotes":""},"class_list":["post-4150","page","type-page","status-publish","hentry","description-off"],"_links":{"self":[{"href":"https:\/\/www.tcomp.dk\/index.php\/wp-json\/wp\/v2\/pages\/4150","targetHints":{"allow":["GET"]}}],"collection":[{"href":"https:\/\/www.tcomp.dk\/index.php\/wp-json\/wp\/v2\/pages"}],"about":[{"href":"https:\/\/www.tcomp.dk\/index.php\/wp-json\/wp\/v2\/types\/page"}],"author":[{"embeddable":true,"href":"https:\/\/www.tcomp.dk\/index.php\/wp-json\/wp\/v2\/users\/3"}],"replies":[{"embeddable":true,"href":"https:\/\/www.tcomp.dk\/index.php\/wp-json\/wp\/v2\/comments?post=4150"}],"version-history":[{"count":0,"href":"https:\/\/www.tcomp.dk\/index.php\/wp-json\/wp\/v2\/pages\/4150\/revisions"}],"up":[{"embeddable":true,"href":"https:\/\/www.tcomp.dk\/index.php\/wp-json\/wp\/v2\/pages\/4295"}],"wp:attachment":[{"href":"https:\/\/www.tcomp.dk\/index.php\/wp-json\/wp\/v2\/media?parent=4150"}],"curies":[{"name":"wp","href":"https:\/\/api.w.org\/{rel}","templated":true}]}}