{"id":4524,"date":"2026-02-18T15:36:27","date_gmt":"2026-02-18T14:36:27","guid":{"rendered":"https:\/\/www.tcomp.dk\/?page_id=4524"},"modified":"2026-03-30T15:06:03","modified_gmt":"2026-03-30T13:06:03","slug":"job3-vaerkforer","status":"publish","type":"page","link":"https:\/\/www.tcomp.dk\/index.php\/jobs\/job3-vaerkforer\/","title":{"rendered":"V\u00e6rkf\u00f8rer"},"content":{"rendered":"<div class=\"wpb-content-wrapper\"><p>[vc_row type=&#8221;vc_default&#8221; css=&#8221;.vc_custom_1732711316114{margin-right: 10px !important;margin-bottom: 50px !important;margin-left: 10px !important;}&#8221;][vc_column][vc_column_text css=&#8221;&#8221;]<\/p>\n<h2><strong>V\u00e6rkf\u00f8rer<\/strong><\/h2>\n<p>Er du en erfaren og ansvarlig leder med solid baggrund inden for metal- eller st\u00e5lproduktion? Har du blik for kvalitet, produktionseffektivitet og medarbejdertrivsel? S\u00e5 har vi hos Tj\u00e6reborg Kompensatorfabrik, i daglig tale kaldet Tcomp, et sp\u00e6ndende job til dig som v\u00e6rkf\u00f8rer.<\/p>\n<p>&nbsp;<\/p>\n<h3><strong>Om stillingen<\/strong><\/h3>\n<p>Som v\u00e6rkf\u00f8rer f\u00e5r du en central rolle med det daglige ansvar for at koordinere og lede medarbejderne i vores produktion. Du planl\u00e6gger og prioriterer arbejdsopgaver, sikrer at tidsplaner og kvalitetskrav overholdes, og bidrager aktivt til udvikling og l\u00f8bende optimering af produktionsprocesserne. Samarbejde er en v\u00e6sentlig del af jobbet, og du vil derfor arbejde t\u00e6t sammen med kvalitetsafdelingen om dokumentation og krav. En vigtig del af din opgave er at skabe struktur og overblik i hverdagen og sikre, at arbejdsmilj\u00f8et er sikkert og pr\u00e6get af respekt.<\/p>\n<p>&nbsp;<\/p>\n<h3><strong>Din profil<\/strong><\/h3>\n<p>Vi s\u00f8ger dig, som har solid erfaring fra metal- eller st\u00e5lbranchen og har indg\u00e5ende kendskab til svejsning og st\u00e5lkonstruktioner. Du er vant til at l\u00e6se og forst\u00e5 tekniske tegninger og h\u00e5ndtere produktionsrelaterede udfordringer. Som leder har du naturlig autoritet og gennemslagskraft samtidig med, at du er n\u00e6rv\u00e6rende og ansvarlig overfor dine medarbejdere. Du v\u00e6rner om dine medarbejdere, skaber tryghed, og du tr\u00e6ffer retf\u00e6rdige og konsekvente beslutninger. Kommunikation er vigtig for dig, og du form\u00e5r at tale respektfuldt og tydeligt. Du ved, at gode resultater skabes gennem trivsel og samarbejde \u2013 og du gider at g\u00e5 forrest for at sikre dette.<\/p>\n<p>&nbsp;<\/p>\n<h3><strong>Derfor skal du v\u00e6lge Tj\u00e6reborg Kompensatorfabrik<\/strong><\/h3>\n<ul>\n<li>Vi har en kultur pr\u00e6get af ordentlighed og respekt, hvor vi v\u00e6rner om hinanden og vores samarbejde.<\/li>\n<li>Hos os er der korte beslutningsveje, og du f\u00e5r mulighed for et t\u00e6t samarbejde med kolleger p\u00e5 tv\u00e6rs af organisationen.<\/li>\n<li>Vi giver dig gode muligheder for personlig og faglig udvikling i en ledende rolle, hvor din indsats har stor betydning.<\/li>\n<\/ul>\n<p>&nbsp;<\/p>\n<h3><strong>Praktiske oplysninger<\/strong><\/h3>\n<ul>\n<li>Arbejdssted: Tj\u00e6reborg<\/li>\n<li>Ans\u00e6ttelsestype: Fuldtid<\/li>\n<li>Forventet opstart: 1. juni 2026, evt. tidligere efter n\u00e6rmere aftale<\/li>\n<li>Ans\u00f8gningsfrist: 15. april 2026<\/li>\n<\/ul>\n<p>&nbsp;<\/p>\n<h3><strong>S\u00e5dan ans\u00f8ger du<\/strong><\/h3>\n<p>Ans\u00f8g online via vores hjemmeside med dit CV og motiverede ans\u00f8gning. Har du sp\u00f8rgsm\u00e5l til stillingen, er du velkommen til at kontakte afdelingsleder Jonas Jensen p\u00e5 tlf. 27 74 78 23.<\/p>\n<p>Bliv en del af Tj\u00e6reborg Kompensatorfabrik \u2013 hvor ordentlighed, samarbejde og udvikling g\u00e5r h\u00e5nd i h\u00e5nd. Vi ser frem til at h\u00f8re fra dig![\/vc_column_text][vc_row_inner][vc_column_inner]<style type=\"text\/css\" data-type=\"the7_shortcodes-inline-css\">#default-btn-550fdc4aeeec6f0fead916bbe689c8f4.ico-right-side > i {\n  margin-right: 0px;\n  margin-left: 8px;\n}\n#default-btn-550fdc4aeeec6f0fead916bbe689c8f4 > i {\n  margin-right: 8px;\n}<\/style><a href=\"https:\/\/www.tcomp.dk\/index.php\/online-jobansogning\/?job=V\u00e6rkf\u00f8rer\" class=\"default-btn-shortcode dt-btn dt-btn-m link-hover-off btn-inline-left  vc_custom_1771424708590\" id=\"default-btn-550fdc4aeeec6f0fead916bbe689c8f4\"><i class=\"Defaults-edit pencil-square-o\"><\/i><span>Ans\u00f8g dette job<\/span><\/a>[\/vc_column_inner][\/vc_row_inner][vc_row_inner][vc_column_inner]<style type=\"text\/css\" data-type=\"the7_shortcodes-inline-css\">#default-btn-7e9174f77c0dbf718453bd2f6d60efa0.ico-right-side > i {\n  margin-right: 0px;\n  margin-left: 8px;\n}\n#default-btn-7e9174f77c0dbf718453bd2f6d60efa0 > i {\n  margin-right: 8px;\n}<\/style><a href=\"https:\/\/www.tcomp.dk\/index.php\/jobs\/\" class=\"default-btn-shortcode dt-btn dt-btn-m link-hover-off btn-inline-left  vc_custom_1732712799649\" id=\"default-btn-7e9174f77c0dbf718453bd2f6d60efa0\"><i class=\"icomoon-the7-font-the7-arrow-26\"><\/i><span>Tilbage til jobs side<\/span><\/a>[\/vc_column_inner][\/vc_row_inner][\/vc_column][\/vc_row]<\/p>\n<\/div>","protected":false},"excerpt":{"rendered":"<p>[vc_row type=&#8221;vc_default&#8221; css=&#8221;.vc_custom_1732711316114{margin-right: 10px !important;margin-bottom: 50px !important;margin-left: 10px !important;}&#8221;][vc_column][vc_column_text css=&#8221;&#8221;] V\u00e6rkf\u00f8rer Er du en erfaren og ansvarlig leder med solid baggrund inden for metal- eller st\u00e5lproduktion? Har du blik for kvalitet, produktionseffektivitet og medarbejdertrivsel? S\u00e5 har vi hos Tj\u00e6reborg Kompensatorfabrik, i daglig tale kaldet Tcomp, et sp\u00e6ndende job til dig som v\u00e6rkf\u00f8rer. &nbsp; Om stillingen&hellip;<\/p>\n","protected":false},"author":3,"featured_media":0,"parent":2603,"menu_order":0,"comment_status":"closed","ping_status":"closed","template":"","meta":{"footnotes":""},"class_list":["post-4524","page","type-page","status-publish","hentry","description-off"],"_links":{"self":[{"href":"https:\/\/www.tcomp.dk\/index.php\/wp-json\/wp\/v2\/pages\/4524","targetHints":{"allow":["GET"]}}],"collection":[{"href":"https:\/\/www.tcomp.dk\/index.php\/wp-json\/wp\/v2\/pages"}],"about":[{"href":"https:\/\/www.tcomp.dk\/index.php\/wp-json\/wp\/v2\/types\/page"}],"author":[{"embeddable":true,"href":"https:\/\/www.tcomp.dk\/index.php\/wp-json\/wp\/v2\/users\/3"}],"replies":[{"embeddable":true,"href":"https:\/\/www.tcomp.dk\/index.php\/wp-json\/wp\/v2\/comments?post=4524"}],"version-history":[{"count":5,"href":"https:\/\/www.tcomp.dk\/index.php\/wp-json\/wp\/v2\/pages\/4524\/revisions"}],"predecessor-version":[{"id":4538,"href":"https:\/\/www.tcomp.dk\/index.php\/wp-json\/wp\/v2\/pages\/4524\/revisions\/4538"}],"up":[{"embeddable":true,"href":"https:\/\/www.tcomp.dk\/index.php\/wp-json\/wp\/v2\/pages\/2603"}],"wp:attachment":[{"href":"https:\/\/www.tcomp.dk\/index.php\/wp-json\/wp\/v2\/media?parent=4524"}],"curies":[{"name":"wp","href":"https:\/\/api.w.org\/{rel}","templated":true}]}}